{"id":78,"date":"2025-03-26T08:53:44","date_gmt":"2025-03-26T07:53:44","guid":{"rendered":"https:\/\/vshaag.ac.at\/vshaag\/?page_id=78"},"modified":"2025-10-05T11:31:20","modified_gmt":"2025-10-05T09:31:20","slug":"schuelercorner","status":"publish","type":"page","link":"https:\/\/vshaag.ac.at\/vshaag\/schuelercorner\/","title":{"rendered":"Team"},"content":{"rendered":"<style>.kadence-column78_c7b0d6-c7 > .kt-inside-inner-col,.kadence-column78_c7b0d6-c7 > .kt-inside-inner-col:before{border-top-left-radius:0px;border-top-right-radius:0px;border-bottom-right-radius:0px;border-bottom-left-radius:0px;}.kadence-column78_c7b0d6-c7 > .kt-inside-inner-col{column-gap:var(--global-kb-gap-sm, 1rem);}.kadence-column78_c7b0d6-c7 > .kt-inside-inner-col{flex-direction:column;}.kadence-column78_c7b0d6-c7 > .kt-inside-inner-col > .aligncenter{width:100%;}.kadence-column78_c7b0d6-c7 > .kt-inside-inner-col:before{opacity:0.3;}.kadence-column78_c7b0d6-c7{position:relative;}.kadence-column78_c7b0d6-c7, .kt-inside-inner-col > .kadence-column78_c7b0d6-c7:not(.specificity){margin-right:var(--global-kb-spacing-xl, 4rem);margin-left:var(--global-kb-spacing-xl, 4rem);}@media all and (max-width: 1024px){.kadence-column78_c7b0d6-c7 > .kt-inside-inner-col{flex-direction:column;justify-content:center;}}@media all and (max-width: 767px){.kadence-column78_c7b0d6-c7 > .kt-inside-inner-col{flex-direction:column;justify-content:center;}}<\/style>\n<div class=\"wp-block-kadence-column kadence-column78_c7b0d6-c7\"><div class=\"kt-inside-inner-col\">\n<h1 class=\"wp-block-heading has-larger-font-size\" style=\"border-style:none;border-width:0px;margin-top:0;margin-right:0;margin-bottom:0;margin-left:0\">Zu unserem Team z\u00e4hlen:<\/h1>\n\n\n\n<p><\/p>\n\n\n\n<h1 class=\"wp-block-heading has-text-align-center has-large-font-size\"><strong>Schulleitung<\/strong><\/h1>\n\n\n\n<p class=\"has-text-align-center has-medium-font-size\">Sie setzt wichtige Impulse, bietet Orientierung und gestaltet ein lebendiges, modernes Schulleben. Mit viel Herz, Engagement und Weitblick entwickelt sie innovative Lernkonzepte und schafft einen Ort des respektvollen Miteinanders sowie der individuellen F\u00f6rderung.<\/p>\n\n\n\n<figure class=\"wp-block-image aligncenter size-full is-resized\"><img fetchpriority=\"high\" decoding=\"async\" width=\"682\" height=\"1024\" src=\"https:\/\/vshaag.ac.at\/vshaag\/wp-content\/uploads\/2025\/08\/Barbara-Kunerth-1-682x1024-1.jpg\" alt=\"\" class=\"wp-image-927\" style=\"width:268px;height:auto\" srcset=\"https:\/\/vshaag.ac.at\/vshaag\/wp-content\/uploads\/2025\/08\/Barbara-Kunerth-1-682x1024-1.jpg 682w, https:\/\/vshaag.ac.at\/vshaag\/wp-content\/uploads\/2025\/08\/Barbara-Kunerth-1-682x1024-1-200x300.jpg 200w\" sizes=\"(max-width: 682px) 100vw, 682px\" \/><\/figure>\n\n\n\n<p class=\"has-text-align-center has-large-font-size\"><a href=\"https:\/\/vshaag.ac.at\/vshaag\/lehrer\/\" data-type=\"page\" data-id=\"15\" target=\"_blank\" rel=\"noreferrer noopener\"><strong>LehrerInnen<\/strong><\/a><strong>  Team<\/strong><\/p>\n\n\n\n<figure class=\"wp-block-image aligncenter size-large\"><img decoding=\"async\" width=\"1024\" height=\"731\" src=\"https:\/\/vshaag.ac.at\/vshaag\/wp-content\/uploads\/2025\/09\/Teambild-2025-1024x731.jpg\" alt=\"\" class=\"wp-image-936\" srcset=\"https:\/\/vshaag.ac.at\/vshaag\/wp-content\/uploads\/2025\/09\/Teambild-2025-1024x731.jpg 1024w, https:\/\/vshaag.ac.at\/vshaag\/wp-content\/uploads\/2025\/09\/Teambild-2025-300x214.jpg 300w, https:\/\/vshaag.ac.at\/vshaag\/wp-content\/uploads\/2025\/09\/Teambild-2025-768x548.jpg 768w, https:\/\/vshaag.ac.at\/vshaag\/wp-content\/uploads\/2025\/09\/Teambild-2025-1536x1096.jpg 1536w, https:\/\/vshaag.ac.at\/vshaag\/wp-content\/uploads\/2025\/09\/Teambild-2025-2048x1461.jpg 2048w\" sizes=\"(max-width: 1024px) 100vw, 1024px\" \/><\/figure>\n\n\n\n<p class=\"has-text-align-center has-large-font-size\"><strong><a href=\"https:\/\/vshaag.ac.at\/vshaag\/nabe\/\" target=\"_blank\" rel=\"noreferrer noopener\">NABE<\/a> Team<\/strong><\/p>\n\n\n\n<figure class=\"wp-block-image aligncenter size-full is-resized\"><img decoding=\"async\" width=\"1024\" height=\"684\" src=\"https:\/\/vshaag.ac.at\/vshaag\/wp-content\/uploads\/2025\/08\/nabe-edited-1024x684-1.jpg\" alt=\"\" class=\"wp-image-929\" style=\"width:621px;height:auto\" srcset=\"https:\/\/vshaag.ac.at\/vshaag\/wp-content\/uploads\/2025\/08\/nabe-edited-1024x684-1.jpg 1024w, https:\/\/vshaag.ac.at\/vshaag\/wp-content\/uploads\/2025\/08\/nabe-edited-1024x684-1-300x200.jpg 300w, https:\/\/vshaag.ac.at\/vshaag\/wp-content\/uploads\/2025\/08\/nabe-edited-1024x684-1-768x513.jpg 768w\" sizes=\"(max-width: 1024px) 100vw, 1024px\" \/><\/figure>\n\n\n\n<p><\/p>\n\n\n\n<h1 class=\"wp-block-heading has-text-align-center has-large-font-size\">Unser <strong>Schulwart<\/strong> mit seinem Team<\/h1>\n\n\n\n<p class=\"has-text-align-center has-medium-font-size\">Dieses sorgt t\u00e4glich mit gro\u00dfem Einsatz f\u00fcr eine gepflegte und sichere Lernumgebung. Sie tragen ma\u00dfgeblich dazu bei, dass der Schulalltag reibungslos verl\u00e4uft und Lernen sowie Leben harmonisch ineinandergreifen. <\/p>\n\n\n<style>.kb-row-layout-id78_4748c9-62 > .kt-row-column-wrap{align-content:start;}:where(.kb-row-layout-id78_4748c9-62 > .kt-row-column-wrap) > .wp-block-kadence-column{justify-content:start;}.kb-row-layout-id78_4748c9-62 > .kt-row-column-wrap{column-gap:var(--global-kb-gap-md, 2rem);row-gap:var(--global-kb-gap-md, 2rem);padding-top:var(--global-kb-spacing-sm, 1.5rem);padding-bottom:var(--global-kb-spacing-sm, 1.5rem);grid-template-columns:minmax(0, calc(50% - ((var(--global-kb-gap-md, 2rem) * 1 )\/2)))minmax(0, calc(50% - ((var(--global-kb-gap-md, 2rem) * 1 )\/2)));}.kb-row-layout-id78_4748c9-62 > .kt-row-layout-overlay{opacity:0.30;}@media all and (max-width: 1024px){.kb-row-layout-id78_4748c9-62 > .kt-row-column-wrap{grid-template-columns:minmax(0, 2fr) minmax(0, 1fr);}}@media all and (max-width: 767px){.kb-row-layout-id78_4748c9-62 > .kt-row-column-wrap{grid-template-columns:minmax(0, 1fr);}}<\/style><div class=\"kb-row-layout-wrap kb-row-layout-id78_4748c9-62 alignnone wp-block-kadence-rowlayout\"><div class=\"kt-row-column-wrap kt-has-2-columns kt-row-layout-left-golden kt-tab-layout-inherit kt-mobile-layout-row kt-row-valign-top\">\n<style>.kadence-column78_944c61-c5 > .kt-inside-inner-col,.kadence-column78_944c61-c5 > .kt-inside-inner-col:before{border-top-left-radius:0px;border-top-right-radius:0px;border-bottom-right-radius:0px;border-bottom-left-radius:0px;}.kadence-column78_944c61-c5 > .kt-inside-inner-col{column-gap:var(--global-kb-gap-sm, 1rem);}.kadence-column78_944c61-c5 > .kt-inside-inner-col{flex-direction:column;}.kadence-column78_944c61-c5 > .kt-inside-inner-col > .aligncenter{width:100%;}.kadence-column78_944c61-c5 > .kt-inside-inner-col:before{opacity:0.3;}.kadence-column78_944c61-c5{position:relative;}@media all and (max-width: 1024px){.kadence-column78_944c61-c5 > .kt-inside-inner-col{flex-direction:column;justify-content:center;}}@media all and (max-width: 767px){.kadence-column78_944c61-c5 > .kt-inside-inner-col{flex-direction:column;justify-content:center;}}<\/style>\n<div class=\"wp-block-kadence-column kadence-column78_944c61-c5\"><div class=\"kt-inside-inner-col\">\n<p class=\"has-text-align-center\">Zum Schulwart-Team geh\u00f6ren:<\/p>\n\n\n\n<p class=\"has-text-align-center\">Daniel Reitzinger<br>Heidi Brandstetter<br>Sandra Nagel<br>Silvia Abel<\/p>\n<\/div><\/div>\n\n\n<style>.kadence-column78_075e88-c4 > .kt-inside-inner-col,.kadence-column78_075e88-c4 > .kt-inside-inner-col:before{border-top-left-radius:0px;border-top-right-radius:0px;border-bottom-right-radius:0px;border-bottom-left-radius:0px;}.kadence-column78_075e88-c4 > .kt-inside-inner-col{column-gap:var(--global-kb-gap-sm, 1rem);}.kadence-column78_075e88-c4 > .kt-inside-inner-col{flex-direction:column;}.kadence-column78_075e88-c4 > .kt-inside-inner-col > .aligncenter{width:100%;}.kadence-column78_075e88-c4 > .kt-inside-inner-col:before{opacity:0.3;}.kadence-column78_075e88-c4{position:relative;}@media all and (max-width: 1024px){.kadence-column78_075e88-c4 > .kt-inside-inner-col{flex-direction:column;justify-content:center;}}@media all and (max-width: 767px){.kadence-column78_075e88-c4 > .kt-inside-inner-col{flex-direction:column;justify-content:center;}}<\/style>\n<div class=\"wp-block-kadence-column kadence-column78_075e88-c4\"><div class=\"kt-inside-inner-col\">\n<p class=\"has-text-align-center\">Vor Schulbeginn k\u00fcmmern sich mit dem Nabe- und Lehrerinnenteam:<\/p>\n\n\n\n<p class=\"has-text-align-center\">Sandra Nagel<br>Heidi Brandstetter<\/p>\n\n\n\n<p class=\"has-text-align-center\">um unsere Sch\u00fcler und Sch\u00fclerinnen<\/p>\n<\/div><\/div>\n\n<\/div><\/div>\n\n<style>.kb-image78_0cfeab-36.kb-image-is-ratio-size, .kb-image78_0cfeab-36 .kb-image-is-ratio-size{max-width:605px;width:100%;}.wp-block-kadence-column > .kt-inside-inner-col > .kb-image78_0cfeab-36.kb-image-is-ratio-size, .wp-block-kadence-column > .kt-inside-inner-col > .kb-image78_0cfeab-36 .kb-image-is-ratio-size{align-self:unset;}.kb-image78_0cfeab-36 figure{max-width:605px;}.kb-image78_0cfeab-36 .image-is-svg, .kb-image78_0cfeab-36 .image-is-svg img{width:100%;}.kb-image78_0cfeab-36 .kb-image-has-overlay:after{opacity:0.3;}<\/style>\n<div class=\"wp-block-kadence-image kb-image78_0cfeab-36\"><figure class=\"aligncenter size-large\"><img loading=\"lazy\" decoding=\"async\" width=\"1024\" height=\"684\" src=\"https:\/\/vshaag.ac.at\/vshaag\/wp-content\/uploads\/2025\/06\/schulwarteteam-1024x684.jpg\" alt=\"\" class=\"kb-img wp-image-808\" srcset=\"https:\/\/vshaag.ac.at\/vshaag\/wp-content\/uploads\/2025\/06\/schulwarteteam-1024x684.jpg 1024w, https:\/\/vshaag.ac.at\/vshaag\/wp-content\/uploads\/2025\/06\/schulwarteteam-300x200.jpg 300w, https:\/\/vshaag.ac.at\/vshaag\/wp-content\/uploads\/2025\/06\/schulwarteteam-768x513.jpg 768w, https:\/\/vshaag.ac.at\/vshaag\/wp-content\/uploads\/2025\/06\/schulwarteteam-1536x1026.jpg 1536w, https:\/\/vshaag.ac.at\/vshaag\/wp-content\/uploads\/2025\/06\/schulwarteteam-2048x1368.jpg 2048w\" sizes=\"(max-width: 1024px) 100vw, 1024px\" \/><figcaption>&#8211; Schulwarte Team &#8211;<\/figcaption><\/figure><\/div>\n\n\n\n<h2 class=\"wp-block-heading has-text-align-center has-link-color has-larger-font-size wp-elements-231c609ba8e68df3064a6dd2a2f8915c\"><\/h2>\n<\/div><\/div>\n\n\n\n<p><\/p>\n","protected":false},"excerpt":{"rendered":"<p>Zu unserem Team z\u00e4hlen: Schulleitung Sie setzt wichtige Impulse, bietet Orientierung und gestaltet ein lebendiges, modernes Schulleben. Mit viel Herz, Engagement und Weitblick entwickelt sie innovative Lernkonzepte und schafft einen&#8230;<\/p>\n","protected":false},"author":1,"featured_media":0,"parent":0,"menu_order":0,"comment_status":"closed","ping_status":"closed","template":"","meta":{"_kad_post_transparent":"default","_kad_post_title":"hide","_kad_post_layout":"fullwidth","_kad_post_sidebar_id":"","_kad_post_content_style":"","_kad_post_vertical_padding":"","_kad_post_feature":"","_kad_post_feature_position":"","_kad_post_header":false,"_kad_post_footer":false,"_kad_post_classname":"","footnotes":""},"class_list":["post-78","page","type-page","status-publish","hentry"],"_links":{"self":[{"href":"https:\/\/vshaag.ac.at\/vshaag\/wp-json\/wp\/v2\/pages\/78","targetHints":{"allow":["GET"]}}],"collection":[{"href":"https:\/\/vshaag.ac.at\/vshaag\/wp-json\/wp\/v2\/pages"}],"about":[{"href":"https:\/\/vshaag.ac.at\/vshaag\/wp-json\/wp\/v2\/types\/page"}],"author":[{"embeddable":true,"href":"https:\/\/vshaag.ac.at\/vshaag\/wp-json\/wp\/v2\/users\/1"}],"replies":[{"embeddable":true,"href":"https:\/\/vshaag.ac.at\/vshaag\/wp-json\/wp\/v2\/comments?post=78"}],"version-history":[{"count":31,"href":"https:\/\/vshaag.ac.at\/vshaag\/wp-json\/wp\/v2\/pages\/78\/revisions"}],"predecessor-version":[{"id":1084,"href":"https:\/\/vshaag.ac.at\/vshaag\/wp-json\/wp\/v2\/pages\/78\/revisions\/1084"}],"wp:attachment":[{"href":"https:\/\/vshaag.ac.at\/vshaag\/wp-json\/wp\/v2\/media?parent=78"}],"curies":[{"name":"wp","href":"https:\/\/api.w.org\/{rel}","templated":true}]}}