{"id":19,"date":"2025-03-12T10:06:12","date_gmt":"2025-03-12T09:06:12","guid":{"rendered":"https:\/\/vshaag.ac.at\/vshaag\/?page_id=19"},"modified":"2025-09-18T09:24:11","modified_gmt":"2025-09-18T07:24:11","slug":"ueber-uns","status":"publish","type":"page","link":"https:\/\/vshaag.ac.at\/vshaag\/ueber-uns\/","title":{"rendered":"\u00dcber uns"},"content":{"rendered":"<style>.kb-row-layout-id19_821f00-fe > .kt-row-column-wrap{align-content:center;}:where(.kb-row-layout-id19_821f00-fe > .kt-row-column-wrap) > .wp-block-kadence-column{justify-content:center;}.kb-row-layout-id19_821f00-fe > .kt-row-column-wrap{column-gap:var(--global-kb-gap-none, 0rem );row-gap:var(--global-kb-gap-md, 2rem);max-width:var( --global-content-width, 1290px );padding-left:var(--global-content-edge-padding);padding-right:var(--global-content-edge-padding);padding-top:var(--global-kb-spacing-xxl, 5rem);padding-bottom:var(--global-kb-spacing-xxl, 5rem);grid-template-columns:repeat(2, minmax(0, 1fr));}.kb-row-layout-id19_821f00-fe > .kt-row-layout-overlay{opacity:0.30;}@media all and (max-width: 1024px){.kb-row-layout-id19_821f00-fe > .kt-row-column-wrap{grid-template-columns:minmax(0, 1fr);}}@media all and (max-width: 767px){.kb-row-layout-id19_821f00-fe > .kt-row-column-wrap{grid-template-columns:minmax(0, 1fr);}}<\/style><div class=\"kb-row-layout-wrap kb-row-layout-id19_821f00-fe alignfull has-theme-palette9-background-color kt-row-has-bg wp-block-kadence-rowlayout\"><div class=\"kt-row-column-wrap kt-has-2-columns kt-row-layout-equal kt-tab-layout-row kt-mobile-layout-row kt-row-valign-middle kb-theme-content-width\">\n<style>.kadence-column19_10f002-5e > .kt-inside-inner-col,.kadence-column19_10f002-5e > .kt-inside-inner-col:before{border-top-left-radius:0px;border-top-right-radius:0px;border-bottom-right-radius:0px;border-bottom-left-radius:0px;}.kadence-column19_10f002-5e > .kt-inside-inner-col{column-gap:var(--global-kb-gap-sm, 1rem);}.kadence-column19_10f002-5e > .kt-inside-inner-col{flex-direction:column;}.kadence-column19_10f002-5e > .kt-inside-inner-col > .aligncenter{width:100%;}.kadence-column19_10f002-5e > .kt-inside-inner-col:before{opacity:0.3;}.kadence-column19_10f002-5e{position:relative;}.kadence-column19_10f002-5e, .kt-inside-inner-col > .kadence-column19_10f002-5e:not(.specificity){margin-top:0px;margin-right:var(--global-kb-spacing-xl, 4rem);margin-bottom:0px;}@media all and (max-width: 1024px){.kadence-column19_10f002-5e > .kt-inside-inner-col{flex-direction:column;justify-content:center;}}@media all and (max-width: 1024px){.kadence-column19_10f002-5e, .kt-inside-inner-col > .kadence-column19_10f002-5e:not(.specificity){margin-right:0px;}}@media all and (max-width: 767px){.kadence-column19_10f002-5e > .kt-inside-inner-col{flex-direction:column;justify-content:center;}}<\/style>\n<div class=\"wp-block-kadence-column kadence-column19_10f002-5e inner-column-1\"><div class=\"kt-inside-inner-col\"><style>.wp-block-kadence-advancedheading.kt-adv-heading19_3f050a-a4, .wp-block-kadence-advancedheading.kt-adv-heading19_3f050a-a4[data-kb-block=\"kb-adv-heading19_3f050a-a4\"]{margin-top:0px;margin-bottom:var(--global-kb-spacing-md, 2rem);font-size:var(--global-kb-font-size-sm, 0.9rem);line-height:1.1;font-weight:500;font-style:normal;letter-spacing:0.2px;}.wp-block-kadence-advancedheading.kt-adv-heading19_3f050a-a4 mark.kt-highlight, .wp-block-kadence-advancedheading.kt-adv-heading19_3f050a-a4[data-kb-block=\"kb-adv-heading19_3f050a-a4\"] mark.kt-highlight{font-style:normal;color:#f76a0c;-webkit-box-decoration-break:clone;box-decoration-break:clone;padding-top:0px;padding-right:0px;padding-bottom:0px;padding-left:0px;}.wp-block-kadence-advancedheading.kt-adv-heading19_3f050a-a4 img.kb-inline-image, .wp-block-kadence-advancedheading.kt-adv-heading19_3f050a-a4[data-kb-block=\"kb-adv-heading19_3f050a-a4\"] img.kb-inline-image{width:150px;vertical-align:baseline;}<\/style>\n<div class=\"kt-adv-heading19_3f050a-a4 wp-block-kadence-advancedheading has-theme-palette-1-color has-text-color\" data-kb-block=\"kb-adv-heading19_3f050a-a4\"><\/div>\n\n\n<style>.wp-block-kadence-advancedheading.kt-adv-heading19_586791-55, .wp-block-kadence-advancedheading.kt-adv-heading19_586791-55[data-kb-block=\"kb-adv-heading19_586791-55\"]{margin-top:0px;margin-bottom:var(--global-kb-spacing-sm, 1.5rem);font-size:var(--global-kb-font-size-xl, 3rem);line-height:1.6;font-style:normal;color:#6b3f8d;}.wp-block-kadence-advancedheading.kt-adv-heading19_586791-55 mark.kt-highlight, .wp-block-kadence-advancedheading.kt-adv-heading19_586791-55[data-kb-block=\"kb-adv-heading19_586791-55\"] mark.kt-highlight{font-style:normal;color:#f76a0c;-webkit-box-decoration-break:clone;box-decoration-break:clone;padding-top:0px;padding-right:0px;padding-bottom:0px;padding-left:0px;}.wp-block-kadence-advancedheading.kt-adv-heading19_586791-55 img.kb-inline-image, .wp-block-kadence-advancedheading.kt-adv-heading19_586791-55[data-kb-block=\"kb-adv-heading19_586791-55\"] img.kb-inline-image{width:150px;vertical-align:baseline;}<\/style>\n<h1 class=\"kt-adv-heading19_586791-55 wp-block-kadence-advancedheading\" data-kb-block=\"kb-adv-heading19_586791-55\">Unsere Schule<\/h1>\n\n\n<style>.wp-block-kadence-advancedheading.kt-adv-heading19_46ea17-27, .wp-block-kadence-advancedheading.kt-adv-heading19_46ea17-27[data-kb-block=\"kb-adv-heading19_46ea17-27\"]{line-height:1.8;font-style:normal;}.wp-block-kadence-advancedheading.kt-adv-heading19_46ea17-27 mark.kt-highlight, .wp-block-kadence-advancedheading.kt-adv-heading19_46ea17-27[data-kb-block=\"kb-adv-heading19_46ea17-27\"] mark.kt-highlight{font-style:normal;color:#f76a0c;-webkit-box-decoration-break:clone;box-decoration-break:clone;padding-top:0px;padding-right:0px;padding-bottom:0px;padding-left:0px;}.wp-block-kadence-advancedheading.kt-adv-heading19_46ea17-27 img.kb-inline-image, .wp-block-kadence-advancedheading.kt-adv-heading19_46ea17-27[data-kb-block=\"kb-adv-heading19_46ea17-27\"] img.kb-inline-image{width:150px;vertical-align:baseline;}<\/style>\n<p class=\"kt-adv-heading19_46ea17-27 wp-block-kadence-advancedheading has-theme-palette-4-color has-text-color\" data-kb-block=\"kb-adv-heading19_46ea17-27\">Lernfreude, individuelle F\u00f6rderung und eine starke Gemeinschaft bilden in unserer Volksschule die Basis f\u00fcr die <strong>Entwicklung selbstbewusster und weltoffener Pers\u00f6nlichkeiten<\/strong>. Unser Ziel ist es, die einzigartige Pers\u00f6nlichkeit jedes Kindes zu st\u00e4rken und es zu eigenverantwortlichem Handeln zu bef\u00e4higen.<\/p>\n\n\n\n<p><br>Die Kinder der Vorschulstufe, der 1. und der 2. Schulstufe werden bei uns in <strong>Mehrstufenklassen <\/strong>unterrichtet. Soziale Kompetenz, Regeln und Rituale&nbsp;werden selbstverst\u00e4ndlich von den Gro\u00dfen vorgelebt und weitergegeben. Schnellere Sch\u00fclerinnen und Sch\u00fcler werden in der <strong>Lernmotivation nicht gebremst<\/strong> und langsamere haben Zeit, den Lernstoff zu vertiefen und L\u00fccken zu schlie\u00dfen. Durch die bis zu 9- st\u00fcndige Zusammenarbeit eines Lehrerinnenteams k\u00f6nnen die Kinder in kleinere Gruppen aufgeteilt werden. So kann die Erarbeitung von Lerninhalten <strong>gezielter und individueller<\/strong> erfolgen. Die Kinder profitieren von mehr Aufmerksamkeit, aktiver Beteiligung und besserer Unterst\u00fctzung in ihrem Lernprozess.<\/p>\n\n\n\n<p><br>Die Kinder der 3. und 4. Klassen lernen im Klassenverband &#8211; wir sind \u00fcberzeugt, dass ein selbstbestimmtes Lernen und \u00dcben f\u00fcr die Entwicklung der Eigenst\u00e4ndigkeit unabk\u00f6mmlich sind. So gibt es zur traditionellen Unterrichtsarbeit auch viele M\u00f6glichkeiten zur Gestaltung eines <strong>bewegten und lebendigen Unterrichts<\/strong> mit <strong>freien<\/strong> <strong>Arbeitsphasen<\/strong> f\u00fcr unsere Sch\u00fclerinnen und Sch\u00fcler. \u00a0Auch in diesen Klassen werden die sozialen Kompetenzen, die Gemeinschaft und das Miteinander in allen Bereichen gest\u00e4rkt und gelebt.<\/p>\n<\/div><\/div>\n\n\n<style>.kadence-column19_66d81a-fd > .kt-inside-inner-col,.kadence-column19_66d81a-fd > .kt-inside-inner-col:before{border-top-left-radius:0px;border-top-right-radius:0px;border-bottom-right-radius:0px;border-bottom-left-radius:0px;}.kadence-column19_66d81a-fd > .kt-inside-inner-col{column-gap:var(--global-kb-gap-sm, 1rem);}.kadence-column19_66d81a-fd > .kt-inside-inner-col{flex-direction:column;}.kadence-column19_66d81a-fd > .kt-inside-inner-col > .aligncenter{width:100%;}.kadence-column19_66d81a-fd > .kt-inside-inner-col:before{opacity:0.3;}.kadence-column19_66d81a-fd{position:relative;}.kadence-column19_66d81a-fd, .kt-inside-inner-col > .kadence-column19_66d81a-fd:not(.specificity){margin-top:0px;margin-bottom:0px;}@media all and (max-width: 1024px){.kadence-column19_66d81a-fd > .kt-inside-inner-col{flex-direction:column;justify-content:center;}}@media all and (max-width: 767px){.kadence-column19_66d81a-fd > .kt-inside-inner-col{flex-direction:column;justify-content:center;}}<\/style>\n<div class=\"wp-block-kadence-column kadence-column19_66d81a-fd inner-column-2\"><div class=\"kt-inside-inner-col\"><style>.kb-image19_5d8f8f-b9 .kb-image-has-overlay:after{opacity:0.3;}.kb-image19_5d8f8f-b9 img.kb-img, .kb-image19_5d8f8f-b9 .kb-img img{box-shadow:0px 0px 14px 0px rgba(0, 0, 0, 0.2);filter:drop-shadow(0px 0px 14px rgba(0, 0, 0, 0.2));}<\/style>\n<figure class=\"wp-block-kadence-image kb-image19_5d8f8f-b9 size-large kb-image-is-ratio-size\"><div class=\"kb-is-ratio-image kb-image-ratio-port34\"><img fetchpriority=\"high\" decoding=\"async\" width=\"683\" height=\"1024\" src=\"https:\/\/vshaag.ac.at\/vshaag\/wp-content\/uploads\/2025\/05\/DSC09838-e1747814443321-683x1024.jpg\" alt=\"\" class=\"kb-img wp-image-678\" srcset=\"https:\/\/vshaag.ac.at\/vshaag\/wp-content\/uploads\/2025\/05\/DSC09838-e1747814443321-683x1024.jpg 683w, https:\/\/vshaag.ac.at\/vshaag\/wp-content\/uploads\/2025\/05\/DSC09838-e1747814443321-200x300.jpg 200w, https:\/\/vshaag.ac.at\/vshaag\/wp-content\/uploads\/2025\/05\/DSC09838-e1747814443321-768x1152.jpg 768w, https:\/\/vshaag.ac.at\/vshaag\/wp-content\/uploads\/2025\/05\/DSC09838-e1747814443321-1024x1536.jpg 1024w, https:\/\/vshaag.ac.at\/vshaag\/wp-content\/uploads\/2025\/05\/DSC09838-e1747814443321.jpg 1365w\" sizes=\"(max-width: 683px) 100vw, 683px\" \/><\/div><\/figure>\n<\/div><\/div>\n\n<\/div><\/div>","protected":false},"excerpt":{"rendered":"<p>Unsere Schule Lernfreude, individuelle F\u00f6rderung und eine starke Gemeinschaft bilden in unserer Volksschule die Basis f\u00fcr die Entwicklung selbstbewusster und weltoffener Pers\u00f6nlichkeiten. Unser Ziel ist es, die einzigartige Pers\u00f6nlichkeit jedes&#8230;<\/p>\n","protected":false},"author":1,"featured_media":0,"parent":0,"menu_order":0,"comment_status":"closed","ping_status":"closed","template":"","meta":{"_kad_post_transparent":"","_kad_post_title":"hide","_kad_post_layout":"fullwidth","_kad_post_sidebar_id":"","_kad_post_content_style":"","_kad_post_vertical_padding":"","_kad_post_feature":"","_kad_post_feature_position":"","_kad_post_header":false,"_kad_post_footer":false,"_kad_post_classname":"","footnotes":""},"class_list":["post-19","page","type-page","status-publish","hentry"],"_links":{"self":[{"href":"https:\/\/vshaag.ac.at\/vshaag\/wp-json\/wp\/v2\/pages\/19","targetHints":{"allow":["GET"]}}],"collection":[{"href":"https:\/\/vshaag.ac.at\/vshaag\/wp-json\/wp\/v2\/pages"}],"about":[{"href":"https:\/\/vshaag.ac.at\/vshaag\/wp-json\/wp\/v2\/types\/page"}],"author":[{"embeddable":true,"href":"https:\/\/vshaag.ac.at\/vshaag\/wp-json\/wp\/v2\/users\/1"}],"replies":[{"embeddable":true,"href":"https:\/\/vshaag.ac.at\/vshaag\/wp-json\/wp\/v2\/comments?post=19"}],"version-history":[{"count":4,"href":"https:\/\/vshaag.ac.at\/vshaag\/wp-json\/wp\/v2\/pages\/19\/revisions"}],"predecessor-version":[{"id":1013,"href":"https:\/\/vshaag.ac.at\/vshaag\/wp-json\/wp\/v2\/pages\/19\/revisions\/1013"}],"wp:attachment":[{"href":"https:\/\/vshaag.ac.at\/vshaag\/wp-json\/wp\/v2\/media?parent=19"}],"curies":[{"name":"wp","href":"https:\/\/api.w.org\/{rel}","templated":true}]}}